{"id":826,"date":"2022-09-22T06:07:47","date_gmt":"2022-09-22T06:07:47","guid":{"rendered":"https:\/\/www.credifai.com\/propaganda\/"},"modified":"2025-11-24T17:06:18","modified_gmt":"2025-11-24T17:06:18","slug":"propaganda","status":"publish","type":"page","link":"https:\/\/www.credifai.com\/es\/propaganda\/","title":{"rendered":"propaganda"},"content":{"rendered":"\t\t<div data-elementor-type=\"wp-page\" data-elementor-id=\"826\" class=\"elementor elementor-826 elementor-803\" data-elementor-settings=\"[]\">\n\t\t\t\t\t\t<div class=\"elementor-inner\">\n\t\t\t\t\t\t\t<div class=\"elementor-section-wrap\">\n\t\t\t\t\t\t\t<section class=\"elementor-section elementor-top-section elementor-element elementor-element-59764d1 elementor-section-boxed elementor-section-height-default elementor-section-height-default\" data-id=\"59764d1\" data-element_type=\"section\" data-settings=\"{&quot;jet_parallax_layout_list&quot;:[{&quot;jet_parallax_layout_image&quot;:{&quot;url&quot;:&quot;&quot;,&quot;id&quot;:&quot;&quot;},&quot;_id&quot;:&quot;da105b3&quot;,&quot;jet_parallax_layout_image_tablet&quot;:{&quot;url&quot;:&quot;&quot;,&quot;id&quot;:&quot;&quot;},&quot;jet_parallax_layout_image_mobile&quot;:{&quot;url&quot;:&quot;&quot;,&quot;id&quot;:&quot;&quot;},&quot;jet_parallax_layout_speed&quot;:{&quot;unit&quot;:&quot;%&quot;,&quot;size&quot;:50,&quot;sizes&quot;:[]},&quot;jet_parallax_layout_type&quot;:&quot;scroll&quot;,&quot;jet_parallax_layout_direction&quot;:null,&quot;jet_parallax_layout_fx_direction&quot;:null,&quot;jet_parallax_layout_z_index&quot;:&quot;&quot;,&quot;jet_parallax_layout_bg_x&quot;:50,&quot;jet_parallax_layout_bg_x_tablet&quot;:&quot;&quot;,&quot;jet_parallax_layout_bg_x_mobile&quot;:&quot;&quot;,&quot;jet_parallax_layout_bg_y&quot;:50,&quot;jet_parallax_layout_bg_y_tablet&quot;:&quot;&quot;,&quot;jet_parallax_layout_bg_y_mobile&quot;:&quot;&quot;,&quot;jet_parallax_layout_bg_size&quot;:&quot;auto&quot;,&quot;jet_parallax_layout_bg_size_tablet&quot;:&quot;&quot;,&quot;jet_parallax_layout_bg_size_mobile&quot;:&quot;&quot;,&quot;jet_parallax_layout_animation_prop&quot;:&quot;transform&quot;,&quot;jet_parallax_layout_on&quot;:[&quot;desktop&quot;,&quot;tablet&quot;]}]}\">\n\t\t\t\t\t\t<div class=\"elementor-container elementor-column-gap-default\">\n\t\t\t\t\t\t\t<div class=\"elementor-row\">\n\t\t\t\t\t<div class=\"elementor-column elementor-col-100 elementor-top-column elementor-element elementor-element-f0ae092\" data-id=\"f0ae092\" data-element_type=\"column\">\n\t\t\t<div class=\"elementor-column-wrap elementor-element-populated\">\n\t\t\t\t\t\t\t<div class=\"elementor-widget-wrap\">\n\t\t\t\t\t\t<section class=\"elementor-section elementor-inner-section elementor-element elementor-element-78d6439 elementor-section-boxed elementor-section-height-default elementor-section-height-default\" data-id=\"78d6439\" data-element_type=\"section\" data-settings=\"{&quot;jet_parallax_layout_list&quot;:[{&quot;jet_parallax_layout_image&quot;:{&quot;url&quot;:&quot;&quot;,&quot;id&quot;:&quot;&quot;},&quot;_id&quot;:&quot;e5c76a1&quot;,&quot;jet_parallax_layout_image_tablet&quot;:{&quot;url&quot;:&quot;&quot;,&quot;id&quot;:&quot;&quot;},&quot;jet_parallax_layout_image_mobile&quot;:{&quot;url&quot;:&quot;&quot;,&quot;id&quot;:&quot;&quot;},&quot;jet_parallax_layout_speed&quot;:{&quot;unit&quot;:&quot;%&quot;,&quot;size&quot;:50,&quot;sizes&quot;:[]},&quot;jet_parallax_layout_type&quot;:&quot;scroll&quot;,&quot;jet_parallax_layout_direction&quot;:null,&quot;jet_parallax_layout_fx_direction&quot;:null,&quot;jet_parallax_layout_z_index&quot;:&quot;&quot;,&quot;jet_parallax_layout_bg_x&quot;:50,&quot;jet_parallax_layout_bg_x_tablet&quot;:&quot;&quot;,&quot;jet_parallax_layout_bg_x_mobile&quot;:&quot;&quot;,&quot;jet_parallax_layout_bg_y&quot;:50,&quot;jet_parallax_layout_bg_y_tablet&quot;:&quot;&quot;,&quot;jet_parallax_layout_bg_y_mobile&quot;:&quot;&quot;,&quot;jet_parallax_layout_bg_size&quot;:&quot;auto&quot;,&quot;jet_parallax_layout_bg_size_tablet&quot;:&quot;&quot;,&quot;jet_parallax_layout_bg_size_mobile&quot;:&quot;&quot;,&quot;jet_parallax_layout_animation_prop&quot;:&quot;transform&quot;,&quot;jet_parallax_layout_on&quot;:[&quot;desktop&quot;,&quot;tablet&quot;]}]}\">\n\t\t\t\t\t\t<div class=\"elementor-container elementor-column-gap-default\">\n\t\t\t\t\t\t\t<div class=\"elementor-row\">\n\t\t\t\t\t<div class=\"elementor-column elementor-col-66 elementor-inner-column elementor-element elementor-element-2577a8f\" data-id=\"2577a8f\" data-element_type=\"column\">\n\t\t\t<div class=\"elementor-column-wrap elementor-element-populated\">\n\t\t\t\t\t\t\t<div class=\"elementor-widget-wrap\">\n\t\t\t\t\t\t<div class=\"elementor-element elementor-element-89e4e1a elementor-widget elementor-widget-heading\" data-id=\"89e4e1a\" data-element_type=\"widget\" data-widget_type=\"heading.default\">\n\t\t\t\t<div class=\"elementor-widget-container\">\n\t\t\t<h2 class=\"elementor-heading-title elementor-size-default\">VU\u00c9LVETE VISIBLE AL CR\u00c9DITO<\/h2>\t\t<\/div>\n\t\t\t\t<\/div>\n\t\t\t\t<div class=\"elementor-element elementor-element-2dbaf74 loan-table elementor-widget elementor-widget-jet-table\" data-id=\"2dbaf74\" data-element_type=\"widget\" data-widget_type=\"jet-table.default\">\n\t\t\t\t<div class=\"elementor-widget-container\">\n\t\t\t<div class=\"elementor-jet-table jet-elements\">\n\t\t<div class=\"jet-table-wrapper\">\n\t\t\t<table class=\"jet-table jet-table--fa5-compat\">\n\t\t\t\t<thead class=\"jet-table__head\"><tr class=\"jet-table__head-row\"><th class=\"jet-table__cell elementor-repeater-item-2bda278 jet-table__head-cell\" scope=\"col\"><div class=\"jet-table__cell-inner\"><div class=\"jet-table__cell-content\"><div class=\"jet-table__cell-text\">Monto del Cr\u00e9dito<\/div><\/div><\/div><\/th><th class=\"jet-table__cell elementor-repeater-item-a13a05d jet-table__head-cell\" scope=\"col\"><div class=\"jet-table__cell-inner\"><div class=\"jet-table__cell-content\"><div class=\"jet-table__cell-text\">Pago Mensual<\/div><\/div><\/div><\/th><th class=\"jet-table__cell elementor-repeater-item-ae24934 jet-table__head-cell\" scope=\"col\"><div class=\"jet-table__cell-inner\"><div class=\"jet-table__cell-content\"><div class=\"jet-table__cell-text\">N\u00famero de Pagos<\/div><\/div><\/div><\/th><\/tr><\/thead>\n\t\t\t\t\t\t\t\t<tbody class=\"jet-table__body\"><td class=\"jet-table__cell elementor-repeater-item-8df5d21 jet-table__body-cell\"><div class=\"jet-table__cell-inner\"><div class=\"jet-table__cell-content\"><div class=\"jet-table__cell-text\">$2,500<\/div><\/div><\/div><\/td><td class=\"jet-table__cell elementor-repeater-item-bec26ec jet-table__body-cell\"><div class=\"jet-table__cell-inner\"><div class=\"jet-table__cell-content\"><div class=\"jet-table__cell-text\">$114.50<\/div><\/div><\/div><\/td><td class=\"jet-table__cell elementor-repeater-item-19cb50a jet-table__body-cell\"><div class=\"jet-table__cell-inner\"><div class=\"jet-table__cell-content\"><div class=\"jet-table__cell-text\">36<\/div><\/div><\/div><\/td><tr class=\"jet-table__body-row elementor-repeater-item-99cce17\"><td class=\"jet-table__cell elementor-repeater-item-569cbf9 jet-table__body-cell\"><div class=\"jet-table__cell-inner\"><div class=\"jet-table__cell-content\"><div class=\"jet-table__cell-text\">$3,500<\/div><\/div><\/div><\/td><td class=\"jet-table__cell elementor-repeater-item-04836a7 jet-table__body-cell\"><div class=\"jet-table__cell-inner\"><div class=\"jet-table__cell-content\"><div class=\"jet-table__cell-text\">$160.29<\/div><\/div><\/div><\/td><td class=\"jet-table__cell elementor-repeater-item-de1a22f jet-table__body-cell\"><div class=\"jet-table__cell-inner\"><div class=\"jet-table__cell-content\"><div class=\"jet-table__cell-text\">36<\/div><\/div><\/div><\/td><\/tr><tr class=\"jet-table__body-row elementor-repeater-item-e72c17c\"><td class=\"jet-table__cell elementor-repeater-item-098bfda jet-table__body-cell\"><div class=\"jet-table__cell-inner\"><div class=\"jet-table__cell-content\"><div class=\"jet-table__cell-text\">$5,000<\/div><\/div><\/div><\/td><td class=\"jet-table__cell elementor-repeater-item-472a0ed jet-table__body-cell\"><div class=\"jet-table__cell-inner\"><div class=\"jet-table__cell-content\"><div class=\"jet-table__cell-text\">$228.99<\/div><\/div><\/div><\/td><td class=\"jet-table__cell elementor-repeater-item-60520fb jet-table__body-cell\"><div class=\"jet-table__cell-inner\"><div class=\"jet-table__cell-content\"><div class=\"jet-table__cell-text\">36<\/div><\/div><\/div><\/td><\/tr><tr class=\"jet-table__body-row elementor-repeater-item-e46f807\"><td class=\"jet-table__cell elementor-repeater-item-5f9db60 jet-table__body-cell\"><div class=\"jet-table__cell-inner\"><div class=\"jet-table__cell-content\"><div class=\"jet-table__cell-text\"> $10,000<\/div><\/div><\/div><\/td><td class=\"jet-table__cell elementor-repeater-item-c321b41 jet-table__body-cell\"><div class=\"jet-table__cell-inner\"><div class=\"jet-table__cell-content\"><div class=\"jet-table__cell-text\">$457.98<\/div><\/div><\/div><\/td><td class=\"jet-table__cell elementor-repeater-item-65a47cf jet-table__body-cell\"><div class=\"jet-table__cell-inner\"><div class=\"jet-table__cell-content\"><div class=\"jet-table__cell-text\">36<\/div><\/div><\/div><\/td><\/tr><\/tbody>\n\t\t\t<\/table>\n\t\t<\/div>\n\n\t\t<\/div>\t\t<\/div>\n\t\t\t\t<\/div>\n\t\t\t\t<div class=\"elementor-element elementor-element-4be4386 elementor-widget elementor-widget-text-editor\" data-id=\"4be4386\" data-element_type=\"widget\" data-widget_type=\"text-editor.default\">\n\t\t\t\t<div class=\"elementor-widget-container\">\n\t\t\t\t\t\t\t\t<div class=\"elementor-text-editor elementor-clearfix\">\n\t\t\t\t<p>\u2022 Para tu comodidad tambi\u00e9n puedes programar tu pago de forma quincenal o mensual<br \/>\u2022 S\u00f3lo con fines informativos<br \/>\u2022 Sujeto a aprobaci\u00f3n de cr\u00e9dito<br \/>\u2022 Los t\u00e9rminos pueden variar y est\u00e1n sujetos a cambios<br \/>\u2022 La precalificaci\u00f3n no afecta a tu reporte de cr\u00e9dito<br \/>\u2022 Importe m\u00e1ximo para nuevos clientes $3,500<br \/>\u2022 Sin penalizaciones por prepago<br \/>\u2022 Tasas de Inter\u00e9s (APR) no mayores de 35.99%<\/p>\t\t\t\t\t<\/div>\n\t\t\t\t\t\t<\/div>\n\t\t\t\t<\/div>\n\t\t\t\t<div class=\"elementor-element elementor-element-4fb36a7 elementor-align-right elementor-widget elementor-widget-button\" data-id=\"4fb36a7\" data-element_type=\"widget\" data-widget_type=\"button.default\">\n\t\t\t\t<div class=\"elementor-widget-container\">\n\t\t\t\t\t<div class=\"elementor-button-wrapper\">\n\t\t\t<a href=\"https:\/\/loan-application.credifai.com\/loan-calculator\" target=\"_blank\" class=\"elementor-button-link elementor-button elementor-size-lg\" role=\"button\">\n\t\t\t\t\t\t<span class=\"elementor-button-content-wrapper\">\n\t\t\t\t\t\t<span class=\"elementor-button-text\">CALCULA TU CR\u00c9DITO<\/span>\n\t\t<\/span>\n\t\t\t\t\t<\/a>\n\t\t<\/div>\n\t\t\t\t<\/div>\n\t\t\t\t<\/div>\n\t\t\t\t<div class=\"elementor-element elementor-element-a12466c elementor-widget elementor-widget-text-editor\" data-id=\"a12466c\" data-element_type=\"widget\" data-widget_type=\"text-editor.default\">\n\t\t\t\t<div class=\"elementor-widget-container\">\n\t\t\t\t\t\t\t\t<div class=\"elementor-text-editor elementor-clearfix\">\n\t\t\t\t<p>Por ejemplo, un pr\u00e9stamo personal sin garant\u00eda de Credifai de $3,500 reembolsado en 36 meses al 35,99% APR tendr\u00e1 un pago mensual de $160.29 y un costo total ser\u00e1 de $5,770.56. Las tasas actuales de los intereses y los costos pueden variar. El plazo m\u00e1ximo del pago del pr\u00e9stamo es de 36 meses.<\/p>\n<p>\u00a9 FAI Capital LLC, 2022. Todos los derechos reservados. Pr\u00e9stamos realizados con una Licencia de la Ley de Financiamiento de California 60DBO-118771 NMLS No. 2231505<\/p>\t\t\t\t\t<\/div>\n\t\t\t\t\t\t<\/div>\n\t\t\t\t<\/div>\n\t\t\t\t\t\t<\/div>\n\t\t\t\t\t<\/div>\n\t\t<\/div>\n\t\t\t\t<div class=\"elementor-column elementor-col-33 elementor-inner-column elementor-element elementor-element-306762b\" data-id=\"306762b\" data-element_type=\"column\">\n\t\t\t<div class=\"elementor-column-wrap elementor-element-populated\">\n\t\t\t\t\t\t\t<div class=\"elementor-widget-wrap\">\n\t\t\t\t\t\t<div class=\"elementor-element elementor-element-bbc30f0 elementor-widget elementor-widget-image\" data-id=\"bbc30f0\" data-element_type=\"widget\" data-widget_type=\"image.default\">\n\t\t\t\t<div class=\"elementor-widget-container\">\n\t\t\t\t\t\t\t\t<div class=\"elementor-image\">\n\t\t\t\t\t\t\t\t\t\t\t\t<img width=\"800\" height=\"421\" src=\"https:\/\/www.credifai.com\/wp-content\/uploads\/2021\/11\/CredifaiLogo-tm-blue-01-1024x539.png\" class=\"attachment-large size-large\" alt=\"\" loading=\"lazy\" srcset=\"https:\/\/www.credifai.com\/wp-content\/uploads\/2021\/11\/CredifaiLogo-tm-blue-01-1024x539.png 1024w, https:\/\/www.credifai.com\/wp-content\/uploads\/2021\/11\/CredifaiLogo-tm-blue-01-300x158.png 300w, https:\/\/www.credifai.com\/wp-content\/uploads\/2021\/11\/CredifaiLogo-tm-blue-01-768x404.png 768w, https:\/\/www.credifai.com\/wp-content\/uploads\/2021\/11\/CredifaiLogo-tm-blue-01-1536x808.png 1536w, https:\/\/www.credifai.com\/wp-content\/uploads\/2021\/11\/CredifaiLogo-tm-blue-01-1200x631.png 1200w, https:\/\/www.credifai.com\/wp-content\/uploads\/2021\/11\/CredifaiLogo-tm-blue-01.png 1563w\" sizes=\"(max-width: 800px) 100vw, 800px\" \/>\t\t\t\t\t\t\t\t\t\t\t\t\t\t<\/div>\n\t\t\t\t\t\t<\/div>\n\t\t\t\t<\/div>\n\t\t\t\t<div class=\"elementor-element elementor-element-e9cfa6b elementor-widget elementor-widget-text-editor\" data-id=\"e9cfa6b\" data-element_type=\"widget\" data-widget_type=\"text-editor.default\">\n\t\t\t\t<div class=\"elementor-widget-container\">\n\t\t\t\t\t\t\t\t<div class=\"elementor-text-editor elementor-clearfix\">\n\t\t\t\t<p><strong>Obt\u00e9n tu Cr\u00e9dito Personal por Internet<\/strong><\/p><div>Aplica para un pr\u00e9stamo personal en l\u00ednea desde la comodidad de tu casa u oficina. Ten estos documentos a la mano para completar tu aplicaci\u00f3n:<\/div><p><img class=\"size-full wp-image-819 alignleft\" src=\"https:\/\/www.credifai.com\/wp-content\/uploads\/2022\/09\/icon-card.jpg\" alt=\"\" width=\"50\" \/><b>Una Identificaci\u00f3n Gubernamental<\/b><br \/>Licencia de Conducir, Identificaci\u00f3n Estatal, Identificaci\u00f3n Militar, Pasaporte, o Matr\u00edcula Consular<\/p><p><img class=\"size-full wp-image-817 alignleft\" src=\"https:\/\/www.credifai.com\/wp-content\/uploads\/2022\/09\/icon-contract.jpg\" alt=\"\" width=\"50\" \/> <b>Comprobante de Ingresos<\/b><\/p><p>3 \u00daltimos Estados de Cuenta Bancarios<br \/><br \/><\/p><p><img class=\"size-full wp-image-815 alignleft\" src=\"https:\/\/www.credifai.com\/wp-content\/uploads\/2022\/09\/icon-contract-acepted.jpg\" alt=\"\" width=\"50\" \/><b>Un Comprobante de Domicilio<\/b><\/p><p>Factura de Luz, Factura de Agua, Factura de Tel\u00e9fono, Factura de Cable, Contrato de Renta<\/p><center><b>Recibe tus fondos de 1 a 2 d\u00edas h\u00e1biles Sin comisiones. Pagos fijos.<\/b><\/center>\t\t\t\t\t<\/div>\n\t\t\t\t\t\t<\/div>\n\t\t\t\t<\/div>\n\t\t\t\t<div class=\"elementor-element elementor-element-79fbfa2 elementor-widget elementor-widget-heading\" data-id=\"79fbfa2\" data-element_type=\"widget\" data-widget_type=\"heading.default\">\n\t\t\t\t<div class=\"elementor-widget-container\">\n\t\t\t<h5 class=\"elementor-heading-title elementor-size-default\">SERVICIO AL CLIENTE<\/h5>\t\t<\/div>\n\t\t\t\t<\/div>\n\t\t\t\t<div class=\"elementor-element elementor-element-dd0d4af elementor-widget elementor-widget-heading\" data-id=\"dd0d4af\" data-element_type=\"widget\" data-widget_type=\"heading.default\">\n\t\t\t\t<div class=\"elementor-widget-container\">\n\t\t\t<h3 class=\"elementor-heading-title elementor-size-default\">(833) 207 3303\u202c<\/h3>\t\t<\/div>\n\t\t\t\t<\/div>\n\t\t\t\t<div class=\"elementor-element elementor-element-078ecb1 elementor-widget elementor-widget-image\" data-id=\"078ecb1\" data-element_type=\"widget\" data-widget_type=\"image.default\">\n\t\t\t\t<div class=\"elementor-widget-container\">\n\t\t\t\t\t\t\t\t<div class=\"elementor-image\">\n\t\t\t\t\t\t\t\t\t\t\t\t<img width=\"800\" height=\"138\" src=\"https:\/\/www.credifai.com\/wp-content\/uploads\/2021\/11\/CredifaiLogo-tm-blue-03.png\" class=\"attachment-large size-large\" alt=\"\" loading=\"lazy\" srcset=\"https:\/\/www.credifai.com\/wp-content\/uploads\/2021\/11\/CredifaiLogo-tm-blue-03.png 1000w, https:\/\/www.credifai.com\/wp-content\/uploads\/2021\/11\/CredifaiLogo-tm-blue-03-300x52.png 300w, https:\/\/www.credifai.com\/wp-content\/uploads\/2021\/11\/CredifaiLogo-tm-blue-03-768x132.png 768w\" sizes=\"(max-width: 800px) 100vw, 800px\" \/>\t\t\t\t\t\t\t\t\t\t\t\t\t\t<\/div>\n\t\t\t\t\t\t<\/div>\n\t\t\t\t<\/div>\n\t\t\t\t\t\t<\/div>\n\t\t\t\t\t<\/div>\n\t\t<\/div>\n\t\t\t\t\t\t\t\t<\/div>\n\t\t\t\t\t<\/div>\n\t\t<\/section>\n\t\t\t\t\t\t<\/div>\n\t\t\t\t\t<\/div>\n\t\t<\/div>\n\t\t\t\t\t\t\t\t<\/div>\n\t\t\t\t\t<\/div>\n\t\t<\/section>\n\t\t\t\t\t\t<\/div>\n\t\t\t\t\t\t<\/div>\n\t\t\t\t\t<\/div>\n\t\t","protected":false},"excerpt":{"rendered":"<p>VU\u00c9LVETE VISIBLE AL CR\u00c9DITO Monto del Cr\u00e9dito Pago Mensual N\u00famero de Pagos $2,500 $114.50 36 $3,500 $160.29 36 $5,000 $228.99 36 $10,000 $457.98 36 \u2022 Para tu comodidad tambi\u00e9n puedes programar tu pago de forma quincenal o mensual\u2022 S\u00f3lo con fines informativos\u2022 Sujeto a aprobaci\u00f3n de cr\u00e9dito\u2022 Los t\u00e9rminos pueden variar y est\u00e1n sujetos a [&hellip;]<\/p>\n","protected":false},"author":4,"featured_media":0,"parent":0,"menu_order":0,"comment_status":"closed","ping_status":"closed","template":"elementor_theme","meta":[],"yoast_head":"<!-- This site is optimized with the Yoast SEO plugin v17.7.1 - https:\/\/yoast.com\/wordpress\/plugins\/seo\/ -->\n<title>propaganda - CrediFai<\/title>\n<meta name=\"robots\" content=\"index, follow, max-snippet:-1, max-image-preview:large, max-video-preview:-1\" \/>\n<link rel=\"canonical\" href=\"https:\/\/www.credifai.com\/es\/propaganda\/\" \/>\n<meta property=\"og:locale\" content=\"es_ES\" \/>\n<meta property=\"og:type\" content=\"article\" \/>\n<meta property=\"og:title\" content=\"propaganda - CrediFai\" \/>\n<meta property=\"og:description\" content=\"VU\u00c9LVETE VISIBLE AL CR\u00c9DITO Monto del Cr\u00e9dito Pago Mensual N\u00famero de Pagos $2,500 $114.50 36 $3,500 $160.29 36 $5,000 $228.99 36 $10,000 $457.98 36 \u2022 Para tu comodidad tambi\u00e9n puedes programar tu pago de forma quincenal o mensual\u2022 S\u00f3lo con fines informativos\u2022 Sujeto a aprobaci\u00f3n de cr\u00e9dito\u2022 Los t\u00e9rminos pueden variar y est\u00e1n sujetos a [&hellip;]\" \/>\n<meta property=\"og:url\" content=\"https:\/\/www.credifai.com\/es\/propaganda\/\" \/>\n<meta property=\"og:site_name\" content=\"CrediFai\" \/>\n<meta property=\"article:modified_time\" content=\"2025-11-24T17:06:18+00:00\" \/>\n<meta property=\"og:image\" content=\"https:\/\/www.credifai.com\/wp-content\/uploads\/2021\/11\/CredifaiLogo-tm-blue-01-1024x539.png\" \/>\n<meta name=\"twitter:card\" content=\"summary_large_image\" \/>\n<meta name=\"twitter:label1\" content=\"Tiempo de lectura\" \/>\n\t<meta name=\"twitter:data1\" content=\"3 minutos\" \/>\n<script type=\"application\/ld+json\" class=\"yoast-schema-graph\">{\"@context\":\"https:\/\/schema.org\",\"@graph\":[{\"@type\":\"WebSite\",\"@id\":\"https:\/\/www.credifai.com\/#website\",\"url\":\"https:\/\/www.credifai.com\/\",\"name\":\"CrediFai\",\"description\":\"We offer support so you can succeed\",\"potentialAction\":[{\"@type\":\"SearchAction\",\"target\":{\"@type\":\"EntryPoint\",\"urlTemplate\":\"https:\/\/www.credifai.com\/?s={search_term_string}\"},\"query-input\":\"required name=search_term_string\"}],\"inLanguage\":\"es\"},{\"@type\":\"ImageObject\",\"@id\":\"https:\/\/www.credifai.com\/es\/propaganda\/#primaryimage\",\"inLanguage\":\"es\",\"url\":\"https:\/\/www.credifai.com\/wp-content\/uploads\/2021\/11\/CredifaiLogo-tm-blue-01.png\",\"contentUrl\":\"https:\/\/www.credifai.com\/wp-content\/uploads\/2021\/11\/CredifaiLogo-tm-blue-01.png\",\"width\":1563,\"height\":822},{\"@type\":\"WebPage\",\"@id\":\"https:\/\/www.credifai.com\/es\/propaganda\/#webpage\",\"url\":\"https:\/\/www.credifai.com\/es\/propaganda\/\",\"name\":\"propaganda - CrediFai\",\"isPartOf\":{\"@id\":\"https:\/\/www.credifai.com\/#website\"},\"primaryImageOfPage\":{\"@id\":\"https:\/\/www.credifai.com\/es\/propaganda\/#primaryimage\"},\"datePublished\":\"2022-09-22T06:07:47+00:00\",\"dateModified\":\"2025-11-24T17:06:18+00:00\",\"breadcrumb\":{\"@id\":\"https:\/\/www.credifai.com\/es\/propaganda\/#breadcrumb\"},\"inLanguage\":\"es\",\"potentialAction\":[{\"@type\":\"ReadAction\",\"target\":[\"https:\/\/www.credifai.com\/es\/propaganda\/\"]}]},{\"@type\":\"BreadcrumbList\",\"@id\":\"https:\/\/www.credifai.com\/es\/propaganda\/#breadcrumb\",\"itemListElement\":[{\"@type\":\"ListItem\",\"position\":1,\"name\":\"Home\",\"item\":\"https:\/\/www.credifai.com\/es\/\"},{\"@type\":\"ListItem\",\"position\":2,\"name\":\"propaganda\"}]}]}<\/script>\n<!-- \/ Yoast SEO plugin. -->","yoast_head_json":{"title":"propaganda - CrediFai","robots":{"index":"index","follow":"follow","max-snippet":"max-snippet:-1","max-image-preview":"max-image-preview:large","max-video-preview":"max-video-preview:-1"},"canonical":"https:\/\/www.credifai.com\/es\/propaganda\/","og_locale":"es_ES","og_type":"article","og_title":"propaganda - CrediFai","og_description":"VU\u00c9LVETE VISIBLE AL CR\u00c9DITO Monto del Cr\u00e9dito Pago Mensual N\u00famero de Pagos $2,500 $114.50 36 $3,500 $160.29 36 $5,000 $228.99 36 $10,000 $457.98 36 \u2022 Para tu comodidad tambi\u00e9n puedes programar tu pago de forma quincenal o mensual\u2022 S\u00f3lo con fines informativos\u2022 Sujeto a aprobaci\u00f3n de cr\u00e9dito\u2022 Los t\u00e9rminos pueden variar y est\u00e1n sujetos a [&hellip;]","og_url":"https:\/\/www.credifai.com\/es\/propaganda\/","og_site_name":"CrediFai","article_modified_time":"2025-11-24T17:06:18+00:00","og_image":[{"url":"https:\/\/www.credifai.com\/wp-content\/uploads\/2021\/11\/CredifaiLogo-tm-blue-01-1024x539.png"}],"twitter_card":"summary_large_image","twitter_misc":{"Tiempo de lectura":"3 minutos"},"schema":{"@context":"https:\/\/schema.org","@graph":[{"@type":"WebSite","@id":"https:\/\/www.credifai.com\/#website","url":"https:\/\/www.credifai.com\/","name":"CrediFai","description":"We offer support so you can succeed","potentialAction":[{"@type":"SearchAction","target":{"@type":"EntryPoint","urlTemplate":"https:\/\/www.credifai.com\/?s={search_term_string}"},"query-input":"required name=search_term_string"}],"inLanguage":"es"},{"@type":"ImageObject","@id":"https:\/\/www.credifai.com\/es\/propaganda\/#primaryimage","inLanguage":"es","url":"https:\/\/www.credifai.com\/wp-content\/uploads\/2021\/11\/CredifaiLogo-tm-blue-01.png","contentUrl":"https:\/\/www.credifai.com\/wp-content\/uploads\/2021\/11\/CredifaiLogo-tm-blue-01.png","width":1563,"height":822},{"@type":"WebPage","@id":"https:\/\/www.credifai.com\/es\/propaganda\/#webpage","url":"https:\/\/www.credifai.com\/es\/propaganda\/","name":"propaganda - CrediFai","isPartOf":{"@id":"https:\/\/www.credifai.com\/#website"},"primaryImageOfPage":{"@id":"https:\/\/www.credifai.com\/es\/propaganda\/#primaryimage"},"datePublished":"2022-09-22T06:07:47+00:00","dateModified":"2025-11-24T17:06:18+00:00","breadcrumb":{"@id":"https:\/\/www.credifai.com\/es\/propaganda\/#breadcrumb"},"inLanguage":"es","potentialAction":[{"@type":"ReadAction","target":["https:\/\/www.credifai.com\/es\/propaganda\/"]}]},{"@type":"BreadcrumbList","@id":"https:\/\/www.credifai.com\/es\/propaganda\/#breadcrumb","itemListElement":[{"@type":"ListItem","position":1,"name":"Home","item":"https:\/\/www.credifai.com\/es\/"},{"@type":"ListItem","position":2,"name":"propaganda"}]}]}},"_links":{"self":[{"href":"https:\/\/www.credifai.com\/es\/wp-json\/wp\/v2\/pages\/826"}],"collection":[{"href":"https:\/\/www.credifai.com\/es\/wp-json\/wp\/v2\/pages"}],"about":[{"href":"https:\/\/www.credifai.com\/es\/wp-json\/wp\/v2\/types\/page"}],"author":[{"embeddable":true,"href":"https:\/\/www.credifai.com\/es\/wp-json\/wp\/v2\/users\/4"}],"replies":[{"embeddable":true,"href":"https:\/\/www.credifai.com\/es\/wp-json\/wp\/v2\/comments?post=826"}],"version-history":[{"count":0,"href":"https:\/\/www.credifai.com\/es\/wp-json\/wp\/v2\/pages\/826\/revisions"}],"wp:attachment":[{"href":"https:\/\/www.credifai.com\/es\/wp-json\/wp\/v2\/media?parent=826"}],"curies":[{"name":"wp","href":"https:\/\/api.w.org\/{rel}","templated":true}]}}